{"id":1010,"date":"2025-09-25T17:04:06","date_gmt":"2025-09-25T17:04:06","guid":{"rendered":"https:\/\/dev.invgroup.hu\/?post_type=product&#038;p=1010"},"modified":"2025-09-25T17:05:51","modified_gmt":"2025-09-25T17:05:51","slug":"fbt-ventis-112a","status":"publish","type":"product","link":"https:\/\/dev.invgroup.hu\/de\/termek\/fbt-ventis-112a\/","title":{"rendered":"FBT VENTIS 112A"},"content":{"rendered":"","protected":false},"excerpt":{"rendered":"<p>12&#8243;-os 2 utas akt\u00edv top 900W RMS \u00f6sszteljes\u00edtm\u00e9nnyel, 133dB maxim\u00e1lis hangnyom\u00e1ssal \u00e9s 8 v\u00e1laszthat\u00f3 DSP be\u00e1ll\u00edt\u00e1ssal (6 el\u0151reprogramozott + 2 felhaszn\u00e1l\u00f3 \u00e1ltal programozhat\u00f3)<\/p>","protected":false},"featured_media":1072,"template":"","meta":{"_acf_changed":false},"product_brand":[],"product_cat":[806],"product_tag":[],"class_list":{"0":"post-1010","1":"product","2":"type-product","3":"status-publish","4":"has-post-thumbnail","6":"product_cat-aktiv-top","8":"first","9":"instock","10":"sale","11":"taxable","12":"shipping-taxable","13":"purchasable","14":"product-type-simple"},"acf":[],"_links":{"self":[{"href":"https:\/\/dev.invgroup.hu\/de\/wp-json\/wp\/v2\/product\/1010","targetHints":{"allow":["GET"]}}],"collection":[{"href":"https:\/\/dev.invgroup.hu\/de\/wp-json\/wp\/v2\/product"}],"about":[{"href":"https:\/\/dev.invgroup.hu\/de\/wp-json\/wp\/v2\/types\/product"}],"wp:featuredmedia":[{"embeddable":true,"href":"https:\/\/dev.invgroup.hu\/de\/wp-json\/wp\/v2\/media\/1072"}],"wp:attachment":[{"href":"https:\/\/dev.invgroup.hu\/de\/wp-json\/wp\/v2\/media?parent=1010"}],"wp:term":[{"taxonomy":"product_brand","embeddable":true,"href":"https:\/\/dev.invgroup.hu\/de\/wp-json\/wp\/v2\/product_brand?post=1010"},{"taxonomy":"product_cat","embeddable":true,"href":"https:\/\/dev.invgroup.hu\/de\/wp-json\/wp\/v2\/product_cat?post=1010"},{"taxonomy":"product_tag","embeddable":true,"href":"https:\/\/dev.invgroup.hu\/de\/wp-json\/wp\/v2\/product_tag?post=1010"}],"curies":[{"name":"wp","href":"https:\/\/api.w.org\/{rel}","templated":true}]}}