{"id":1088,"date":"2025-09-25T17:06:01","date_gmt":"2025-09-25T17:06:01","guid":{"rendered":"https:\/\/dev.invgroup.hu\/?post_type=product&#038;p=1088"},"modified":"2025-09-25T17:06:31","modified_gmt":"2025-09-25T17:06:31","slug":"fbt-jmaxx-112a","status":"publish","type":"product","link":"https:\/\/dev.invgroup.hu\/de\/termek\/fbt-jmaxx-112a\/","title":{"rendered":"FBT JMAXX 112A"},"content":{"rendered":"","protected":false},"excerpt":{"rendered":"<p>12&#8243;-os akt\u00edv bass-reflex top hangfal 900W-os RMS teljes\u00edtm\u00e9nnyel, 131dB maxim\u00e1lis hangnyom\u00e1ssal \u00e9s 4 v\u00e1laszthat\u00f3 DSP be\u00e1ll\u00edt\u00e1ssal<\/p>","protected":false},"featured_media":1118,"template":"","meta":{"_acf_changed":false},"product_brand":[],"product_cat":[806],"product_tag":[],"class_list":{"0":"post-1088","1":"product","2":"type-product","3":"status-publish","4":"has-post-thumbnail","6":"product_cat-aktiv-top","8":"first","9":"instock","10":"sale","11":"taxable","12":"shipping-taxable","13":"purchasable","14":"product-type-simple"},"acf":[],"_links":{"self":[{"href":"https:\/\/dev.invgroup.hu\/de\/wp-json\/wp\/v2\/product\/1088","targetHints":{"allow":["GET"]}}],"collection":[{"href":"https:\/\/dev.invgroup.hu\/de\/wp-json\/wp\/v2\/product"}],"about":[{"href":"https:\/\/dev.invgroup.hu\/de\/wp-json\/wp\/v2\/types\/product"}],"wp:featuredmedia":[{"embeddable":true,"href":"https:\/\/dev.invgroup.hu\/de\/wp-json\/wp\/v2\/media\/1118"}],"wp:attachment":[{"href":"https:\/\/dev.invgroup.hu\/de\/wp-json\/wp\/v2\/media?parent=1088"}],"wp:term":[{"taxonomy":"product_brand","embeddable":true,"href":"https:\/\/dev.invgroup.hu\/de\/wp-json\/wp\/v2\/product_brand?post=1088"},{"taxonomy":"product_cat","embeddable":true,"href":"https:\/\/dev.invgroup.hu\/de\/wp-json\/wp\/v2\/product_cat?post=1088"},{"taxonomy":"product_tag","embeddable":true,"href":"https:\/\/dev.invgroup.hu\/de\/wp-json\/wp\/v2\/product_tag?post=1088"}],"curies":[{"name":"wp","href":"https:\/\/api.w.org\/{rel}","templated":true}]}}