{"id":1098,"date":"2025-09-25T17:06:01","date_gmt":"2025-09-25T17:06:01","guid":{"rendered":"https:\/\/dev.invgroup.hu\/?post_type=product&#038;p=1098"},"modified":"2025-09-25T17:07:06","modified_gmt":"2025-09-25T17:07:06","slug":"fbt-subline-118sa","status":"publish","type":"product","link":"https:\/\/dev.invgroup.hu\/de\/termek\/fbt-subline-118sa\/","title":{"rendered":"FBT SUBLINE 118SA"},"content":{"rendered":"","protected":false},"excerpt":{"rendered":"<p>18&#8243;-os akt\u00edv bass-reflex sub 1200W RMS teljes\u00edtm\u00e9nnyel, 137dB maxim\u00e1lis hangnyom\u00e1ssal \u00e9s 8 v\u00e1laszthat\u00f3 DSP be\u00e1ll\u00edt\u00e1ssal<\/p>","protected":false},"featured_media":1194,"template":"","meta":{"_acf_changed":false},"product_brand":[],"product_cat":[666],"product_tag":[],"class_list":{"0":"post-1098","1":"product","2":"type-product","3":"status-publish","4":"has-post-thumbnail","6":"product_cat-aktiv-sub","8":"first","9":"instock","10":"sale","11":"taxable","12":"shipping-taxable","13":"purchasable","14":"product-type-simple"},"acf":[],"_links":{"self":[{"href":"https:\/\/dev.invgroup.hu\/de\/wp-json\/wp\/v2\/product\/1098","targetHints":{"allow":["GET"]}}],"collection":[{"href":"https:\/\/dev.invgroup.hu\/de\/wp-json\/wp\/v2\/product"}],"about":[{"href":"https:\/\/dev.invgroup.hu\/de\/wp-json\/wp\/v2\/types\/product"}],"wp:featuredmedia":[{"embeddable":true,"href":"https:\/\/dev.invgroup.hu\/de\/wp-json\/wp\/v2\/media\/1194"}],"wp:attachment":[{"href":"https:\/\/dev.invgroup.hu\/de\/wp-json\/wp\/v2\/media?parent=1098"}],"wp:term":[{"taxonomy":"product_brand","embeddable":true,"href":"https:\/\/dev.invgroup.hu\/de\/wp-json\/wp\/v2\/product_brand?post=1098"},{"taxonomy":"product_cat","embeddable":true,"href":"https:\/\/dev.invgroup.hu\/de\/wp-json\/wp\/v2\/product_cat?post=1098"},{"taxonomy":"product_tag","embeddable":true,"href":"https:\/\/dev.invgroup.hu\/de\/wp-json\/wp\/v2\/product_tag?post=1098"}],"curies":[{"name":"wp","href":"https:\/\/api.w.org\/{rel}","templated":true}]}}