{"id":1104,"date":"2025-09-25T17:06:02","date_gmt":"2025-09-25T17:06:02","guid":{"rendered":"https:\/\/dev.invgroup.hu\/?post_type=product&#038;p=1104"},"modified":"2025-09-25T17:07:17","modified_gmt":"2025-09-25T17:07:17","slug":"fbt-archon-110","status":"publish","type":"product","link":"https:\/\/dev.invgroup.hu\/de\/termek\/fbt-archon-110\/","title":{"rendered":"FBT ARCHON 110"},"content":{"rendered":"","protected":false},"excerpt":{"rendered":"<p>10&#8243;-os passz\u00edv hangfal, 700w RMS cs\u00facsteljes\u00edtm\u00e9nnyel, 129 dB maxim\u00e1lis hangnyom\u00e1ssal<\/p>","protected":false},"featured_media":1213,"template":"","meta":{"_acf_changed":false},"product_brand":[],"product_cat":[674],"product_tag":[],"class_list":{"0":"post-1104","1":"product","2":"type-product","3":"status-publish","4":"has-post-thumbnail","6":"product_cat-passziv-top","8":"first","9":"instock","10":"sale","11":"taxable","12":"shipping-taxable","13":"purchasable","14":"product-type-simple"},"acf":[],"_links":{"self":[{"href":"https:\/\/dev.invgroup.hu\/de\/wp-json\/wp\/v2\/product\/1104","targetHints":{"allow":["GET"]}}],"collection":[{"href":"https:\/\/dev.invgroup.hu\/de\/wp-json\/wp\/v2\/product"}],"about":[{"href":"https:\/\/dev.invgroup.hu\/de\/wp-json\/wp\/v2\/types\/product"}],"wp:featuredmedia":[{"embeddable":true,"href":"https:\/\/dev.invgroup.hu\/de\/wp-json\/wp\/v2\/media\/1213"}],"wp:attachment":[{"href":"https:\/\/dev.invgroup.hu\/de\/wp-json\/wp\/v2\/media?parent=1104"}],"wp:term":[{"taxonomy":"product_brand","embeddable":true,"href":"https:\/\/dev.invgroup.hu\/de\/wp-json\/wp\/v2\/product_brand?post=1104"},{"taxonomy":"product_cat","embeddable":true,"href":"https:\/\/dev.invgroup.hu\/de\/wp-json\/wp\/v2\/product_cat?post=1104"},{"taxonomy":"product_tag","embeddable":true,"href":"https:\/\/dev.invgroup.hu\/de\/wp-json\/wp\/v2\/product_tag?post=1104"}],"curies":[{"name":"wp","href":"https:\/\/api.w.org\/{rel}","templated":true}]}}