{"id":1199,"date":"2025-09-25T17:07:08","date_gmt":"2025-09-25T17:07:08","guid":{"rendered":"https:\/\/dev.invgroup.hu\/?post_type=product&#038;p=1199"},"modified":"2025-09-25T17:07:55","modified_gmt":"2025-09-25T17:07:55","slug":"fbt-shadow-105t","status":"publish","type":"product","link":"https:\/\/dev.invgroup.hu\/de\/termek\/fbt-shadow-105t\/","title":{"rendered":"FBT SHADOW 105T"},"content":{"rendered":"","protected":false},"excerpt":{"rendered":"<p>5&#8243;-os be\u00e9p\u00edthet\u0151\/telep\u00edthet\u0151 passz\u00edv hangfal,\u00a0 120w\/8ohm RMS cs\u00facsteljes\u00edtm\u00e9nnyel, 112 dB maxim\u00e1lis hangnyom\u00e1ssal.<\/p>\n<p>Alkalmazhat\u00f3 k\u00fclt\u00e9rre \u00e9s belt\u00e9rre egyar\u00e1nt<\/p>","protected":false},"featured_media":1284,"template":"","meta":{"_acf_changed":false},"product_brand":[],"product_cat":[674],"product_tag":[],"class_list":{"0":"post-1199","1":"product","2":"type-product","3":"status-publish","4":"has-post-thumbnail","6":"product_cat-passziv-top","8":"first","9":"instock","10":"taxable","11":"shipping-taxable","12":"purchasable","13":"product-type-simple"},"acf":[],"_links":{"self":[{"href":"https:\/\/dev.invgroup.hu\/de\/wp-json\/wp\/v2\/product\/1199","targetHints":{"allow":["GET"]}}],"collection":[{"href":"https:\/\/dev.invgroup.hu\/de\/wp-json\/wp\/v2\/product"}],"about":[{"href":"https:\/\/dev.invgroup.hu\/de\/wp-json\/wp\/v2\/types\/product"}],"wp:featuredmedia":[{"embeddable":true,"href":"https:\/\/dev.invgroup.hu\/de\/wp-json\/wp\/v2\/media\/1284"}],"wp:attachment":[{"href":"https:\/\/dev.invgroup.hu\/de\/wp-json\/wp\/v2\/media?parent=1199"}],"wp:term":[{"taxonomy":"product_brand","embeddable":true,"href":"https:\/\/dev.invgroup.hu\/de\/wp-json\/wp\/v2\/product_brand?post=1199"},{"taxonomy":"product_cat","embeddable":true,"href":"https:\/\/dev.invgroup.hu\/de\/wp-json\/wp\/v2\/product_cat?post=1199"},{"taxonomy":"product_tag","embeddable":true,"href":"https:\/\/dev.invgroup.hu\/de\/wp-json\/wp\/v2\/product_tag?post=1199"}],"curies":[{"name":"wp","href":"https:\/\/api.w.org\/{rel}","templated":true}]}}