{"id":1324,"date":"2025-09-25T17:08:14","date_gmt":"2025-09-25T17:08:14","guid":{"rendered":"https:\/\/dev.invgroup.hu\/?post_type=product&#038;p=1324"},"modified":"2025-09-25T17:09:04","modified_gmt":"2025-09-25T17:09:04","slug":"involight-blade2","status":"publish","type":"product","link":"https:\/\/dev.invgroup.hu\/de\/termek\/involight-blade2\/","title":{"rendered":"INVOLIGHT BLADE2"},"content":{"rendered":"","protected":false},"excerpt":{"rendered":"<p>A t\u00f6k\u00e9letes megold\u00e1s. BEAM, WASH \u00e9s effektl\u00e1mpa 3 in 1 robotl\u00e1mpa. Hatalmas f\u00e9nyer\u0151, halk m\u0171k\u00f6d\u00e9s.<\/p>","protected":false},"featured_media":1381,"template":"","meta":{"_acf_changed":false},"product_brand":[],"product_cat":[27,28,29],"product_tag":[126,127,43,128,129,124,46],"class_list":{"0":"post-1324","1":"product","2":"type-product","3":"status-publish","4":"has-post-thumbnail","6":"product_cat-beam","7":"product_cat-hibrid","8":"product_cat-wash","9":"product_tag-3-az-1-ben","10":"product_tag-3-in-1","11":"product_tag-beam","12":"product_tag-beam-wash-spot","13":"product_tag-hibrid-lampak","14":"product_tag-spot","15":"product_tag-wash","17":"first","18":"instock","19":"taxable","20":"shipping-taxable","21":"purchasable","22":"product-type-simple"},"acf":[],"_links":{"self":[{"href":"https:\/\/dev.invgroup.hu\/de\/wp-json\/wp\/v2\/product\/1324","targetHints":{"allow":["GET"]}}],"collection":[{"href":"https:\/\/dev.invgroup.hu\/de\/wp-json\/wp\/v2\/product"}],"about":[{"href":"https:\/\/dev.invgroup.hu\/de\/wp-json\/wp\/v2\/types\/product"}],"wp:featuredmedia":[{"embeddable":true,"href":"https:\/\/dev.invgroup.hu\/de\/wp-json\/wp\/v2\/media\/1381"}],"wp:attachment":[{"href":"https:\/\/dev.invgroup.hu\/de\/wp-json\/wp\/v2\/media?parent=1324"}],"wp:term":[{"taxonomy":"product_brand","embeddable":true,"href":"https:\/\/dev.invgroup.hu\/de\/wp-json\/wp\/v2\/product_brand?post=1324"},{"taxonomy":"product_cat","embeddable":true,"href":"https:\/\/dev.invgroup.hu\/de\/wp-json\/wp\/v2\/product_cat?post=1324"},{"taxonomy":"product_tag","embeddable":true,"href":"https:\/\/dev.invgroup.hu\/de\/wp-json\/wp\/v2\/product_tag?post=1324"}],"curies":[{"name":"wp","href":"https:\/\/api.w.org\/{rel}","templated":true}]}}