{"id":1325,"date":"2025-09-25T17:08:14","date_gmt":"2025-09-25T17:08:14","guid":{"rendered":"https:\/\/dev.invgroup.hu\/?post_type=product&#038;p=1325"},"modified":"2025-09-25T17:09:13","modified_gmt":"2025-09-25T17:09:13","slug":"involight-aura-plus","status":"publish","type":"product","link":"https:\/\/dev.invgroup.hu\/de\/termek\/involight-aura-plus\/","title":{"rendered":"INVOLIGHT AURA PLUS"},"content":{"rendered":"","protected":false},"excerpt":{"rendered":"<p>Involight WASH robotl\u00e1mpa. Hatalmas f\u00e9nyer\u0151, halk m\u0171k\u00f6d\u00e9s.<\/p>","protected":false},"featured_media":1385,"template":"","meta":{"_acf_changed":false},"product_brand":[],"product_cat":[29],"product_tag":[46],"class_list":{"0":"post-1325","1":"product","2":"type-product","3":"status-publish","4":"has-post-thumbnail","6":"product_cat-wash","7":"product_tag-wash","9":"first","10":"instock","11":"taxable","12":"shipping-taxable","13":"purchasable","14":"product-type-simple"},"acf":[],"_links":{"self":[{"href":"https:\/\/dev.invgroup.hu\/de\/wp-json\/wp\/v2\/product\/1325","targetHints":{"allow":["GET"]}}],"collection":[{"href":"https:\/\/dev.invgroup.hu\/de\/wp-json\/wp\/v2\/product"}],"about":[{"href":"https:\/\/dev.invgroup.hu\/de\/wp-json\/wp\/v2\/types\/product"}],"wp:featuredmedia":[{"embeddable":true,"href":"https:\/\/dev.invgroup.hu\/de\/wp-json\/wp\/v2\/media\/1385"}],"wp:attachment":[{"href":"https:\/\/dev.invgroup.hu\/de\/wp-json\/wp\/v2\/media?parent=1325"}],"wp:term":[{"taxonomy":"product_brand","embeddable":true,"href":"https:\/\/dev.invgroup.hu\/de\/wp-json\/wp\/v2\/product_brand?post=1325"},{"taxonomy":"product_cat","embeddable":true,"href":"https:\/\/dev.invgroup.hu\/de\/wp-json\/wp\/v2\/product_cat?post=1325"},{"taxonomy":"product_tag","embeddable":true,"href":"https:\/\/dev.invgroup.hu\/de\/wp-json\/wp\/v2\/product_tag?post=1325"}],"curies":[{"name":"wp","href":"https:\/\/api.w.org\/{rel}","templated":true}]}}