{"id":1326,"date":"2025-09-25T17:08:14","date_gmt":"2025-09-25T17:08:14","guid":{"rendered":"https:\/\/dev.invgroup.hu\/?post_type=product&#038;p=1326"},"modified":"2025-09-25T17:09:16","modified_gmt":"2025-09-25T17:09:16","slug":"involight-hazeger-pro-ii","status":"publish","type":"product","link":"https:\/\/dev.invgroup.hu\/de\/termek\/involight-hazeger-pro-ii\/","title":{"rendered":"INVOLIGHT HAZEGER PRO II"},"content":{"rendered":"","protected":false},"excerpt":{"rendered":"<p>Professzion\u00e1lis hazer \u00e9s f\u00fcstg\u00e9p egyben<\/p>","protected":false},"featured_media":1390,"template":"","meta":{"_acf_changed":false},"product_brand":[],"product_cat":[332,38],"product_tag":[333,39,41,42],"class_list":{"0":"post-1326","1":"product","2":"type-product","3":"status-publish","4":"has-post-thumbnail","6":"product_cat-fustgepek","7":"product_cat-hazerek","8":"product_tag-fustgep","9":"product_tag-hazer","10":"product_tag-kod","11":"product_tag-kod-gepek","13":"first","14":"instock","15":"sale","16":"taxable","17":"shipping-taxable","18":"purchasable","19":"product-type-simple"},"acf":[],"_links":{"self":[{"href":"https:\/\/dev.invgroup.hu\/de\/wp-json\/wp\/v2\/product\/1326","targetHints":{"allow":["GET"]}}],"collection":[{"href":"https:\/\/dev.invgroup.hu\/de\/wp-json\/wp\/v2\/product"}],"about":[{"href":"https:\/\/dev.invgroup.hu\/de\/wp-json\/wp\/v2\/types\/product"}],"wp:featuredmedia":[{"embeddable":true,"href":"https:\/\/dev.invgroup.hu\/de\/wp-json\/wp\/v2\/media\/1390"}],"wp:attachment":[{"href":"https:\/\/dev.invgroup.hu\/de\/wp-json\/wp\/v2\/media?parent=1326"}],"wp:term":[{"taxonomy":"product_brand","embeddable":true,"href":"https:\/\/dev.invgroup.hu\/de\/wp-json\/wp\/v2\/product_brand?post=1326"},{"taxonomy":"product_cat","embeddable":true,"href":"https:\/\/dev.invgroup.hu\/de\/wp-json\/wp\/v2\/product_cat?post=1326"},{"taxonomy":"product_tag","embeddable":true,"href":"https:\/\/dev.invgroup.hu\/de\/wp-json\/wp\/v2\/product_tag?post=1326"}],"curies":[{"name":"wp","href":"https:\/\/api.w.org\/{rel}","templated":true}]}}