{"id":1329,"date":"2025-09-25T17:08:14","date_gmt":"2025-09-25T17:08:14","guid":{"rendered":"https:\/\/dev.invgroup.hu\/?post_type=product&#038;p=1329"},"modified":"2025-11-03T18:43:22","modified_gmt":"2025-11-03T18:43:22","slug":"fbt-j-8a","status":"publish","type":"product","link":"https:\/\/dev.invgroup.hu\/de\/termek\/fbt-j-8a\/","title":{"rendered":"FBT J 8A"},"content":{"rendered":"","protected":false},"excerpt":{"rendered":"<p>8&#8243;-os akt\u00edv 2 utas bass-reflex hangfal 200+50W-os teljes\u00edtm\u00e9nnyel<\/p>","protected":false},"featured_media":1401,"template":"","meta":{"_acf_changed":false},"product_brand":[1808],"product_cat":[806],"product_tag":[],"class_list":{"0":"post-1329","1":"product","2":"type-product","3":"status-publish","4":"has-post-thumbnail","6":"product_brand-fbt","7":"product_cat-aktiv-top","9":"first","10":"instock","11":"sale","12":"taxable","13":"shipping-taxable","14":"purchasable","15":"product-type-simple"},"acf":[],"_links":{"self":[{"href":"https:\/\/dev.invgroup.hu\/de\/wp-json\/wp\/v2\/product\/1329","targetHints":{"allow":["GET"]}}],"collection":[{"href":"https:\/\/dev.invgroup.hu\/de\/wp-json\/wp\/v2\/product"}],"about":[{"href":"https:\/\/dev.invgroup.hu\/de\/wp-json\/wp\/v2\/types\/product"}],"wp:featuredmedia":[{"embeddable":true,"href":"https:\/\/dev.invgroup.hu\/de\/wp-json\/wp\/v2\/media\/1401"}],"wp:attachment":[{"href":"https:\/\/dev.invgroup.hu\/de\/wp-json\/wp\/v2\/media?parent=1329"}],"wp:term":[{"taxonomy":"product_brand","embeddable":true,"href":"https:\/\/dev.invgroup.hu\/de\/wp-json\/wp\/v2\/product_brand?post=1329"},{"taxonomy":"product_cat","embeddable":true,"href":"https:\/\/dev.invgroup.hu\/de\/wp-json\/wp\/v2\/product_cat?post=1329"},{"taxonomy":"product_tag","embeddable":true,"href":"https:\/\/dev.invgroup.hu\/de\/wp-json\/wp\/v2\/product_tag?post=1329"}],"curies":[{"name":"wp","href":"https:\/\/api.w.org\/{rel}","templated":true}]}}