{"id":258,"date":"2025-09-25T16:58:43","date_gmt":"2025-09-25T16:58:43","guid":{"rendered":"https:\/\/dev.invgroup.hu\/?post_type=product&#038;p=258"},"modified":"2025-09-25T16:59:34","modified_gmt":"2025-09-25T16:59:34","slug":"involight-stratus700dmx","status":"publish","type":"product","link":"https:\/\/dev.invgroup.hu\/de\/termek\/involight-stratus700dmx\/","title":{"rendered":"INVOLIGHT STRATUS700DMX"},"content":{"rendered":"<p>&#8216;- DMX-es HAZER<\/p>\n<p>&#8211; \u00c1ramell\u00e1t\u00e1s: AC 230V\/50Hz<\/p>\n<p>&#8211; T\u00e1pcsatlakoz\u00f3: IEC t\u00e1pcsatlakoz\u00f3 biztos\u00edt\u00e9k tart\u00f3val<\/p>\n<p>&#8211; Teljes\u00edtm\u00e9ny: 600W<\/p>\n<p>&#8211; Tart\u00e1ly: 2,5 Liter<\/p>\n<p>&#8211; Felf\u0171t\u00e9si id\u0151: 2 perc (f\u00fcgg a k\u00f6rnyezeti h\u0151m\u00e9rs\u00e9klett\u0151l)<\/p>\n<p>&#8211; F\u00fcst kibocs\u00e1t\u00e1s: 100 m3 \/ perc<\/p>\n<p>&#8211; Vezerl\u00e9s: DMX, Vezet\u00e9k n\u00e9lk\u00fcli t\u00e1vir\u00e1ny\u00edt\u00f3 (tartoz\u00e9k)<\/p>\n<p>&#8211; M\u00e9retek: 586x320x232mm<\/p>\n<p>&#8211; S\u00faly: 8,5 kg<\/p>\n<p>\u200b<\/p>","protected":false},"excerpt":{"rendered":"<p>Profi, DMX-es Hazer<\/p>","protected":false},"featured_media":321,"template":"","meta":{"_acf_changed":false},"product_brand":[],"product_cat":[38],"product_tag":[39,40,41,42],"class_list":{"0":"post-258","1":"product","2":"type-product","3":"status-publish","4":"has-post-thumbnail","6":"product_cat-hazerek","7":"product_tag-hazer","8":"product_tag-hazer-gepek","9":"product_tag-kod","10":"product_tag-kod-gepek","12":"first","13":"outofstock","14":"taxable","15":"shipping-taxable","16":"purchasable","17":"product-type-simple"},"acf":[],"_links":{"self":[{"href":"https:\/\/dev.invgroup.hu\/de\/wp-json\/wp\/v2\/product\/258","targetHints":{"allow":["GET"]}}],"collection":[{"href":"https:\/\/dev.invgroup.hu\/de\/wp-json\/wp\/v2\/product"}],"about":[{"href":"https:\/\/dev.invgroup.hu\/de\/wp-json\/wp\/v2\/types\/product"}],"wp:featuredmedia":[{"embeddable":true,"href":"https:\/\/dev.invgroup.hu\/de\/wp-json\/wp\/v2\/media\/321"}],"wp:attachment":[{"href":"https:\/\/dev.invgroup.hu\/de\/wp-json\/wp\/v2\/media?parent=258"}],"wp:term":[{"taxonomy":"product_brand","embeddable":true,"href":"https:\/\/dev.invgroup.hu\/de\/wp-json\/wp\/v2\/product_brand?post=258"},{"taxonomy":"product_cat","embeddable":true,"href":"https:\/\/dev.invgroup.hu\/de\/wp-json\/wp\/v2\/product_cat?post=258"},{"taxonomy":"product_tag","embeddable":true,"href":"https:\/\/dev.invgroup.hu\/de\/wp-json\/wp\/v2\/product_tag?post=258"}],"curies":[{"name":"wp","href":"https:\/\/api.w.org\/{rel}","templated":true}]}}