{"id":306,"date":"2025-09-25T16:59:25","date_gmt":"2025-09-25T16:59:25","guid":{"rendered":"https:\/\/dev.invgroup.hu\/?post_type=product&#038;p=306"},"modified":"2025-09-25T16:59:52","modified_gmt":"2025-09-25T16:59:52","slug":"involight-fl-hl","status":"publish","type":"product","link":"https:\/\/dev.invgroup.hu\/de\/termek\/involight-fl-hl\/","title":{"rendered":"INVOLIGHT FL-HL"},"content":{"rendered":"<p>INVOLIGHT FL-HL (HAZER folyad\u00e9k): alacsony s\u0171r\u0171s\u00e9g\u0171, 5L<\/p>","protected":false},"excerpt":{"rendered":"<p>INVOLIGHT FL-HL (HAZER folyad\u00e9k): alacsony s\u0171r\u0171s\u00e9g\u0171, 5L<\/p>","protected":false},"featured_media":384,"template":"","meta":{"_acf_changed":false},"product_brand":[],"product_cat":[132],"product_tag":[133,134,135,136,137],"class_list":{"0":"post-306","1":"product","2":"type-product","3":"status-publish","4":"has-post-thumbnail","6":"product_cat-fust-hab-es-hofolyadekok","7":"product_tag-aroma","8":"product_tag-aromak","9":"product_tag-effekt-anyagok","10":"product_tag-folyadek","11":"product_tag-fustfolyadekok","13":"first","14":"instock","15":"taxable","16":"shipping-taxable","17":"purchasable","18":"product-type-simple"},"acf":[],"_links":{"self":[{"href":"https:\/\/dev.invgroup.hu\/de\/wp-json\/wp\/v2\/product\/306","targetHints":{"allow":["GET"]}}],"collection":[{"href":"https:\/\/dev.invgroup.hu\/de\/wp-json\/wp\/v2\/product"}],"about":[{"href":"https:\/\/dev.invgroup.hu\/de\/wp-json\/wp\/v2\/types\/product"}],"wp:featuredmedia":[{"embeddable":true,"href":"https:\/\/dev.invgroup.hu\/de\/wp-json\/wp\/v2\/media\/384"}],"wp:attachment":[{"href":"https:\/\/dev.invgroup.hu\/de\/wp-json\/wp\/v2\/media?parent=306"}],"wp:term":[{"taxonomy":"product_brand","embeddable":true,"href":"https:\/\/dev.invgroup.hu\/de\/wp-json\/wp\/v2\/product_brand?post=306"},{"taxonomy":"product_cat","embeddable":true,"href":"https:\/\/dev.invgroup.hu\/de\/wp-json\/wp\/v2\/product_cat?post=306"},{"taxonomy":"product_tag","embeddable":true,"href":"https:\/\/dev.invgroup.hu\/de\/wp-json\/wp\/v2\/product_tag?post=306"}],"curies":[{"name":"wp","href":"https:\/\/api.w.org\/{rel}","templated":true}]}}