{"id":368,"date":"2025-09-25T16:59:46","date_gmt":"2025-09-25T16:59:46","guid":{"rendered":"https:\/\/dev.invgroup.hu\/?post_type=product&#038;p=368"},"modified":"2025-09-25T17:00:23","modified_gmt":"2025-09-25T17:00:23","slug":"involight-fog900","status":"publish","type":"product","link":"https:\/\/dev.invgroup.hu\/de\/termek\/involight-fog900\/","title":{"rendered":"INVOLIGHT FOG900"},"content":{"rendered":"","protected":false},"excerpt":{"rendered":"<p>A legn\u00e9pszer\u0171bb f\u00fcstg\u00e9p. Hib\u00e1tlan. Meg\u00e1llja a hely\u00e9t ak\u00e1rhol. Er\u0151s kaz\u00e1nja \u00e9s szivatty\u00faja miatt gyorsan k\u00e9pes hatalmas mennyis\u00e9g\u0171 f\u00fcst\u00f6t kil\u0151ni mag\u00e1b\u00f3l.<\/p>","protected":false},"featured_media":434,"template":"","meta":{"_acf_changed":false},"product_brand":[],"product_cat":[332],"product_tag":[333],"class_list":{"0":"post-368","1":"product","2":"type-product","3":"status-publish","4":"has-post-thumbnail","6":"product_cat-fustgepek","7":"product_tag-fustgep","9":"first","10":"instock","11":"sale","12":"taxable","13":"shipping-taxable","14":"purchasable","15":"product-type-simple"},"acf":[],"_links":{"self":[{"href":"https:\/\/dev.invgroup.hu\/de\/wp-json\/wp\/v2\/product\/368","targetHints":{"allow":["GET"]}}],"collection":[{"href":"https:\/\/dev.invgroup.hu\/de\/wp-json\/wp\/v2\/product"}],"about":[{"href":"https:\/\/dev.invgroup.hu\/de\/wp-json\/wp\/v2\/types\/product"}],"wp:featuredmedia":[{"embeddable":true,"href":"https:\/\/dev.invgroup.hu\/de\/wp-json\/wp\/v2\/media\/434"}],"wp:attachment":[{"href":"https:\/\/dev.invgroup.hu\/de\/wp-json\/wp\/v2\/media?parent=368"}],"wp:term":[{"taxonomy":"product_brand","embeddable":true,"href":"https:\/\/dev.invgroup.hu\/de\/wp-json\/wp\/v2\/product_brand?post=368"},{"taxonomy":"product_cat","embeddable":true,"href":"https:\/\/dev.invgroup.hu\/de\/wp-json\/wp\/v2\/product_cat?post=368"},{"taxonomy":"product_tag","embeddable":true,"href":"https:\/\/dev.invgroup.hu\/de\/wp-json\/wp\/v2\/product_tag?post=368"}],"curies":[{"name":"wp","href":"https:\/\/api.w.org\/{rel}","templated":true}]}}