{"id":369,"date":"2025-09-25T16:59:46","date_gmt":"2025-09-25T16:59:46","guid":{"rendered":"https:\/\/dev.invgroup.hu\/?post_type=product&#038;p=369"},"modified":"2025-09-25T17:00:24","modified_gmt":"2025-09-25T17:00:24","slug":"involight-fume1500dmx","status":"publish","type":"product","link":"https:\/\/dev.invgroup.hu\/de\/termek\/involight-fume1500dmx\/","title":{"rendered":"INVOLIGHT FUME1500DMX"},"content":{"rendered":"","protected":false},"excerpt":{"rendered":"<p>Vedd kezedbe az ir\u00e1ny\u00edt\u00e1st DMX-el. Mint egy vulk\u00e1nkit\u00f6r\u00e9s&#8230; nagyon durva g\u00e9p.<\/p>","protected":false},"featured_media":436,"template":"","meta":{"_acf_changed":false},"product_brand":[],"product_cat":[332],"product_tag":[335,333],"class_list":{"0":"post-369","1":"product","2":"type-product","3":"status-publish","4":"has-post-thumbnail","6":"product_cat-fustgepek","7":"product_tag-dmx-fustgep","8":"product_tag-fustgep","10":"first","11":"outofstock","12":"taxable","13":"shipping-taxable","14":"product-type-simple"},"acf":[],"_links":{"self":[{"href":"https:\/\/dev.invgroup.hu\/de\/wp-json\/wp\/v2\/product\/369","targetHints":{"allow":["GET"]}}],"collection":[{"href":"https:\/\/dev.invgroup.hu\/de\/wp-json\/wp\/v2\/product"}],"about":[{"href":"https:\/\/dev.invgroup.hu\/de\/wp-json\/wp\/v2\/types\/product"}],"wp:featuredmedia":[{"embeddable":true,"href":"https:\/\/dev.invgroup.hu\/de\/wp-json\/wp\/v2\/media\/436"}],"wp:attachment":[{"href":"https:\/\/dev.invgroup.hu\/de\/wp-json\/wp\/v2\/media?parent=369"}],"wp:term":[{"taxonomy":"product_brand","embeddable":true,"href":"https:\/\/dev.invgroup.hu\/de\/wp-json\/wp\/v2\/product_brand?post=369"},{"taxonomy":"product_cat","embeddable":true,"href":"https:\/\/dev.invgroup.hu\/de\/wp-json\/wp\/v2\/product_cat?post=369"},{"taxonomy":"product_tag","embeddable":true,"href":"https:\/\/dev.invgroup.hu\/de\/wp-json\/wp\/v2\/product_tag?post=369"}],"curies":[{"name":"wp","href":"https:\/\/api.w.org\/{rel}","templated":true}]}}