{"id":401,"date":"2025-09-25T17:00:10","date_gmt":"2025-09-25T17:00:10","guid":{"rendered":"https:\/\/dev.invgroup.hu\/?post_type=product&#038;p=401"},"modified":"2025-09-25T17:00:26","modified_gmt":"2025-09-25T17:00:26","slug":"involight-fume900dmx","status":"publish","type":"product","link":"https:\/\/dev.invgroup.hu\/de\/termek\/involight-fume900dmx\/","title":{"rendered":"INVOLIGHT FUME900DMX"},"content":{"rendered":"","protected":false},"excerpt":{"rendered":"<p>DMX-es kisebb teljes\u00edtm\u00e9ny\u0171 f\u00fcstg\u00e9p, kis klubokba vagy otthonra.<\/p>","protected":false},"featured_media":440,"template":"","meta":{"_acf_changed":false},"product_brand":[],"product_cat":[332],"product_tag":[335],"class_list":{"0":"post-401","1":"product","2":"type-product","3":"status-publish","4":"has-post-thumbnail","6":"product_cat-fustgepek","7":"product_tag-dmx-fustgep","9":"first","10":"instock","11":"sale","12":"taxable","13":"shipping-taxable","14":"purchasable","15":"product-type-simple"},"acf":[],"_links":{"self":[{"href":"https:\/\/dev.invgroup.hu\/de\/wp-json\/wp\/v2\/product\/401","targetHints":{"allow":["GET"]}}],"collection":[{"href":"https:\/\/dev.invgroup.hu\/de\/wp-json\/wp\/v2\/product"}],"about":[{"href":"https:\/\/dev.invgroup.hu\/de\/wp-json\/wp\/v2\/types\/product"}],"wp:featuredmedia":[{"embeddable":true,"href":"https:\/\/dev.invgroup.hu\/de\/wp-json\/wp\/v2\/media\/440"}],"wp:attachment":[{"href":"https:\/\/dev.invgroup.hu\/de\/wp-json\/wp\/v2\/media?parent=401"}],"wp:term":[{"taxonomy":"product_brand","embeddable":true,"href":"https:\/\/dev.invgroup.hu\/de\/wp-json\/wp\/v2\/product_brand?post=401"},{"taxonomy":"product_cat","embeddable":true,"href":"https:\/\/dev.invgroup.hu\/de\/wp-json\/wp\/v2\/product_cat?post=401"},{"taxonomy":"product_tag","embeddable":true,"href":"https:\/\/dev.invgroup.hu\/de\/wp-json\/wp\/v2\/product_tag?post=401"}],"curies":[{"name":"wp","href":"https:\/\/api.w.org\/{rel}","templated":true}]}}