{"id":459,"date":"2025-09-25T17:00:30","date_gmt":"2025-09-25T17:00:30","guid":{"rendered":"https:\/\/dev.invgroup.hu\/?post_type=product&#038;p=459"},"modified":"2025-11-01T12:27:53","modified_gmt":"2025-11-01T12:27:53","slug":"involight-cobpar100hex","status":"publish","type":"product","link":"https:\/\/dev.invgroup.hu\/de\/termek\/involight-cobpar100hex\/","title":{"rendered":"INVOLIGHT COBPAR100HEX"},"content":{"rendered":"<p>Ez a term\u00e9k tartalma<\/p>","protected":false},"excerpt":{"rendered":"<p>\u00d3ri\u00e1si f\u00e9nyer\u0151 \u00e9s hatalmas nyit\u00e1si sz\u00f6g. Kiv\u00e1l\u00f3an alkalmas sz\u00ednh\u00e1zakba, nagysz\u00ednpadokra s\u0151t, m\u00e9g fot\u00f3 st\u00fadi\u00f3kba is hiszen a COB LED-nek k\u00f6sz\u00f6nhet\u0151en nincs sz\u00edn\u00e1rny\u00e9k<\/p>","protected":false},"featured_media":505,"template":"","meta":{"_acf_changed":false},"product_brand":[1791],"product_cat":[405,23,404],"product_tag":[],"class_list":{"0":"post-459","1":"product","2":"type-product","3":"status-publish","4":"has-post-thumbnail","6":"product_brand-involight","7":"product_cat-belteri","8":"product_cat-fenytechnika","9":"product_cat-ledpar-ok","11":"first","12":"outofstock","13":"sale","14":"taxable","15":"shipping-taxable","16":"purchasable","17":"product-type-simple"},"acf":[],"_links":{"self":[{"href":"https:\/\/dev.invgroup.hu\/de\/wp-json\/wp\/v2\/product\/459","targetHints":{"allow":["GET"]}}],"collection":[{"href":"https:\/\/dev.invgroup.hu\/de\/wp-json\/wp\/v2\/product"}],"about":[{"href":"https:\/\/dev.invgroup.hu\/de\/wp-json\/wp\/v2\/types\/product"}],"wp:featuredmedia":[{"embeddable":true,"href":"https:\/\/dev.invgroup.hu\/de\/wp-json\/wp\/v2\/media\/505"}],"wp:attachment":[{"href":"https:\/\/dev.invgroup.hu\/de\/wp-json\/wp\/v2\/media?parent=459"}],"wp:term":[{"taxonomy":"product_brand","embeddable":true,"href":"https:\/\/dev.invgroup.hu\/de\/wp-json\/wp\/v2\/product_brand?post=459"},{"taxonomy":"product_cat","embeddable":true,"href":"https:\/\/dev.invgroup.hu\/de\/wp-json\/wp\/v2\/product_cat?post=459"},{"taxonomy":"product_tag","embeddable":true,"href":"https:\/\/dev.invgroup.hu\/de\/wp-json\/wp\/v2\/product_tag?post=459"}],"curies":[{"name":"wp","href":"https:\/\/api.w.org\/{rel}","templated":true}]}}