{"id":643,"date":"2025-09-25T17:01:32","date_gmt":"2025-09-25T17:01:32","guid":{"rendered":"https:\/\/dev.invgroup.hu\/?post_type=product&#038;p=643"},"modified":"2025-09-25T17:01:37","modified_gmt":"2025-09-25T17:01:37","slug":"invotone-ad160g","status":"publish","type":"product","link":"https:\/\/dev.invgroup.hu\/de\/termek\/invotone-ad160g\/","title":{"rendered":"INVOTONE AD160G"},"content":{"rendered":"","protected":false},"excerpt":{"rendered":"<p>Aranyozott, F\u00e9m, RCA MAMA &#8211; 6,3 STEREO JACK PAPA \u00e1talak\u00edt\u00f3<\/p>","protected":false},"featured_media":675,"template":"","meta":{"_acf_changed":false},"product_brand":[],"product_cat":[670],"product_tag":[],"class_list":{"0":"post-643","1":"product","2":"type-product","3":"status-publish","4":"has-post-thumbnail","6":"product_cat-atalakitok","8":"first","9":"instock","10":"taxable","11":"shipping-taxable","12":"purchasable","13":"product-type-simple"},"acf":[],"_links":{"self":[{"href":"https:\/\/dev.invgroup.hu\/de\/wp-json\/wp\/v2\/product\/643","targetHints":{"allow":["GET"]}}],"collection":[{"href":"https:\/\/dev.invgroup.hu\/de\/wp-json\/wp\/v2\/product"}],"about":[{"href":"https:\/\/dev.invgroup.hu\/de\/wp-json\/wp\/v2\/types\/product"}],"wp:featuredmedia":[{"embeddable":true,"href":"https:\/\/dev.invgroup.hu\/de\/wp-json\/wp\/v2\/media\/675"}],"wp:attachment":[{"href":"https:\/\/dev.invgroup.hu\/de\/wp-json\/wp\/v2\/media?parent=643"}],"wp:term":[{"taxonomy":"product_brand","embeddable":true,"href":"https:\/\/dev.invgroup.hu\/de\/wp-json\/wp\/v2\/product_brand?post=643"},{"taxonomy":"product_cat","embeddable":true,"href":"https:\/\/dev.invgroup.hu\/de\/wp-json\/wp\/v2\/product_cat?post=643"},{"taxonomy":"product_tag","embeddable":true,"href":"https:\/\/dev.invgroup.hu\/de\/wp-json\/wp\/v2\/product_tag?post=643"}],"curies":[{"name":"wp","href":"https:\/\/api.w.org\/{rel}","templated":true}]}}