{"id":697,"date":"2025-09-25T17:01:52","date_gmt":"2025-09-25T17:01:52","guid":{"rendered":"https:\/\/dev.invgroup.hu\/?post_type=product&#038;p=697"},"modified":"2025-09-25T17:01:55","modified_gmt":"2025-09-25T17:01:55","slug":"invotone-as12a","status":"publish","type":"product","link":"https:\/\/dev.invgroup.hu\/de\/termek\/invotone-as12a\/","title":{"rendered":"INVOTONE AS12A"},"content":{"rendered":"<p>&nbsp;<\/p>\n<p>&nbsp;<\/p>\n<p>&nbsp;<\/p>\n<p>&nbsp;<\/p>","protected":false},"excerpt":{"rendered":"<p>12&#8243; akt\u00edv hangfal, 300W teljes\u00edtm\u00e9nnyel<\/p>","protected":false},"featured_media":729,"template":"","meta":{"_acf_changed":false},"product_brand":[],"product_cat":[806],"product_tag":[807,808,809],"class_list":{"0":"post-697","1":"product","2":"type-product","3":"status-publish","4":"has-post-thumbnail","6":"product_cat-aktiv-top","7":"product_tag-aktiv","8":"product_tag-aktiv-hangfal","9":"product_tag-hagfal","11":"first","12":"outofstock","13":"taxable","14":"shipping-taxable","15":"product-type-simple"},"acf":[],"_links":{"self":[{"href":"https:\/\/dev.invgroup.hu\/de\/wp-json\/wp\/v2\/product\/697","targetHints":{"allow":["GET"]}}],"collection":[{"href":"https:\/\/dev.invgroup.hu\/de\/wp-json\/wp\/v2\/product"}],"about":[{"href":"https:\/\/dev.invgroup.hu\/de\/wp-json\/wp\/v2\/types\/product"}],"wp:featuredmedia":[{"embeddable":true,"href":"https:\/\/dev.invgroup.hu\/de\/wp-json\/wp\/v2\/media\/729"}],"wp:attachment":[{"href":"https:\/\/dev.invgroup.hu\/de\/wp-json\/wp\/v2\/media?parent=697"}],"wp:term":[{"taxonomy":"product_brand","embeddable":true,"href":"https:\/\/dev.invgroup.hu\/de\/wp-json\/wp\/v2\/product_brand?post=697"},{"taxonomy":"product_cat","embeddable":true,"href":"https:\/\/dev.invgroup.hu\/de\/wp-json\/wp\/v2\/product_cat?post=697"},{"taxonomy":"product_tag","embeddable":true,"href":"https:\/\/dev.invgroup.hu\/de\/wp-json\/wp\/v2\/product_tag?post=697"}],"curies":[{"name":"wp","href":"https:\/\/api.w.org\/{rel}","templated":true}]}}