{"id":701,"date":"2025-09-25T17:01:52","date_gmt":"2025-09-25T17:01:52","guid":{"rendered":"https:\/\/dev.invgroup.hu\/?post_type=product&#038;p=701"},"modified":"2025-09-25T17:01:58","modified_gmt":"2025-09-25T17:01:58","slug":"invotone-ips15a","status":"publish","type":"product","link":"https:\/\/dev.invgroup.hu\/de\/termek\/invotone-ips15a\/","title":{"rendered":"INVOTONE IPS15A"},"content":{"rendered":"","protected":false},"excerpt":{"rendered":"<p>15\u201d-os m\u00e9llyel szerelt akt\u00edv hangfal, m\u0171anyag dobozban. Hallgasd meg&#8230; t\u00f6bb nem kell<\/p>","protected":false},"featured_media":737,"template":"","meta":{"_acf_changed":false},"product_brand":[],"product_cat":[806],"product_tag":[807,808,809],"class_list":{"0":"post-701","1":"product","2":"type-product","3":"status-publish","4":"has-post-thumbnail","6":"product_cat-aktiv-top","7":"product_tag-aktiv","8":"product_tag-aktiv-hangfal","9":"product_tag-hagfal","11":"first","12":"outofstock","13":"taxable","14":"shipping-taxable","15":"purchasable","16":"product-type-simple"},"acf":[],"_links":{"self":[{"href":"https:\/\/dev.invgroup.hu\/de\/wp-json\/wp\/v2\/product\/701","targetHints":{"allow":["GET"]}}],"collection":[{"href":"https:\/\/dev.invgroup.hu\/de\/wp-json\/wp\/v2\/product"}],"about":[{"href":"https:\/\/dev.invgroup.hu\/de\/wp-json\/wp\/v2\/types\/product"}],"wp:featuredmedia":[{"embeddable":true,"href":"https:\/\/dev.invgroup.hu\/de\/wp-json\/wp\/v2\/media\/737"}],"wp:attachment":[{"href":"https:\/\/dev.invgroup.hu\/de\/wp-json\/wp\/v2\/media?parent=701"}],"wp:term":[{"taxonomy":"product_brand","embeddable":true,"href":"https:\/\/dev.invgroup.hu\/de\/wp-json\/wp\/v2\/product_brand?post=701"},{"taxonomy":"product_cat","embeddable":true,"href":"https:\/\/dev.invgroup.hu\/de\/wp-json\/wp\/v2\/product_cat?post=701"},{"taxonomy":"product_tag","embeddable":true,"href":"https:\/\/dev.invgroup.hu\/de\/wp-json\/wp\/v2\/product_tag?post=701"}],"curies":[{"name":"wp","href":"https:\/\/api.w.org\/{rel}","templated":true}]}}