{"id":702,"date":"2025-09-25T17:01:52","date_gmt":"2025-09-25T17:01:52","guid":{"rendered":"https:\/\/dev.invgroup.hu\/?post_type=product&#038;p=702"},"modified":"2025-09-25T17:01:59","modified_gmt":"2025-09-25T17:01:59","slug":"invotone-evo15a","status":"publish","type":"product","link":"https:\/\/dev.invgroup.hu\/de\/termek\/invotone-evo15a\/","title":{"rendered":"INVOTONE EVO15A"},"content":{"rendered":"","protected":false},"excerpt":{"rendered":"<p>15&#8243;-os akt\u00edv hangfal, be\u00e9p\u00edtett Bluetooth-al \u00e9s 2 mikrofoncsatorn\u00e1val<\/p>","protected":false},"featured_media":739,"template":"","meta":{"_acf_changed":false},"product_brand":[],"product_cat":[806],"product_tag":[807,808,809],"class_list":{"0":"post-702","1":"product","2":"type-product","3":"status-publish","4":"has-post-thumbnail","6":"product_cat-aktiv-top","7":"product_tag-aktiv","8":"product_tag-aktiv-hangfal","9":"product_tag-hagfal","11":"first","12":"instock","13":"sale","14":"taxable","15":"shipping-taxable","16":"purchasable","17":"product-type-simple"},"acf":[],"_links":{"self":[{"href":"https:\/\/dev.invgroup.hu\/de\/wp-json\/wp\/v2\/product\/702","targetHints":{"allow":["GET"]}}],"collection":[{"href":"https:\/\/dev.invgroup.hu\/de\/wp-json\/wp\/v2\/product"}],"about":[{"href":"https:\/\/dev.invgroup.hu\/de\/wp-json\/wp\/v2\/types\/product"}],"wp:featuredmedia":[{"embeddable":true,"href":"https:\/\/dev.invgroup.hu\/de\/wp-json\/wp\/v2\/media\/739"}],"wp:attachment":[{"href":"https:\/\/dev.invgroup.hu\/de\/wp-json\/wp\/v2\/media?parent=702"}],"wp:term":[{"taxonomy":"product_brand","embeddable":true,"href":"https:\/\/dev.invgroup.hu\/de\/wp-json\/wp\/v2\/product_brand?post=702"},{"taxonomy":"product_cat","embeddable":true,"href":"https:\/\/dev.invgroup.hu\/de\/wp-json\/wp\/v2\/product_cat?post=702"},{"taxonomy":"product_tag","embeddable":true,"href":"https:\/\/dev.invgroup.hu\/de\/wp-json\/wp\/v2\/product_tag?post=702"}],"curies":[{"name":"wp","href":"https:\/\/api.w.org\/{rel}","templated":true}]}}