{"id":703,"date":"2025-09-25T17:01:52","date_gmt":"2025-09-25T17:01:52","guid":{"rendered":"https:\/\/dev.invgroup.hu\/?post_type=product&#038;p=703"},"modified":"2025-09-25T17:02:00","modified_gmt":"2025-09-25T17:02:00","slug":"invotone-ips10la","status":"publish","type":"product","link":"https:\/\/dev.invgroup.hu\/de\/termek\/invotone-ips10la\/","title":{"rendered":"INVOTONE IPS10LA"},"content":{"rendered":"","protected":false},"excerpt":{"rendered":"<p>Ne t\u00e9vesszen meg a m\u00e9ret! Bitang er\u0151s kis j\u00f3sz\u00e1g! 2-utas 10&#8243; Akt\u00edv hangfal<\/p>","protected":false},"featured_media":742,"template":"","meta":{"_acf_changed":false},"product_brand":[],"product_cat":[806],"product_tag":[807,808,809],"class_list":{"0":"post-703","1":"product","2":"type-product","3":"status-publish","4":"has-post-thumbnail","6":"product_cat-aktiv-top","7":"product_tag-aktiv","8":"product_tag-aktiv-hangfal","9":"product_tag-hagfal","11":"first","12":"instock","13":"sale","14":"taxable","15":"shipping-taxable","16":"purchasable","17":"product-type-simple"},"acf":[],"_links":{"self":[{"href":"https:\/\/dev.invgroup.hu\/de\/wp-json\/wp\/v2\/product\/703","targetHints":{"allow":["GET"]}}],"collection":[{"href":"https:\/\/dev.invgroup.hu\/de\/wp-json\/wp\/v2\/product"}],"about":[{"href":"https:\/\/dev.invgroup.hu\/de\/wp-json\/wp\/v2\/types\/product"}],"wp:featuredmedia":[{"embeddable":true,"href":"https:\/\/dev.invgroup.hu\/de\/wp-json\/wp\/v2\/media\/742"}],"wp:attachment":[{"href":"https:\/\/dev.invgroup.hu\/de\/wp-json\/wp\/v2\/media?parent=703"}],"wp:term":[{"taxonomy":"product_brand","embeddable":true,"href":"https:\/\/dev.invgroup.hu\/de\/wp-json\/wp\/v2\/product_brand?post=703"},{"taxonomy":"product_cat","embeddable":true,"href":"https:\/\/dev.invgroup.hu\/de\/wp-json\/wp\/v2\/product_cat?post=703"},{"taxonomy":"product_tag","embeddable":true,"href":"https:\/\/dev.invgroup.hu\/de\/wp-json\/wp\/v2\/product_tag?post=703"}],"curies":[{"name":"wp","href":"https:\/\/api.w.org\/{rel}","templated":true}]}}