{"id":776,"date":"2025-09-25T17:02:16","date_gmt":"2025-09-25T17:02:16","guid":{"rendered":"https:\/\/dev.invgroup.hu\/?post_type=product&#038;p=776"},"modified":"2025-09-25T17:02:31","modified_gmt":"2025-09-25T17:02:31","slug":"tempo-ks210","status":"publish","type":"product","link":"https:\/\/dev.invgroup.hu\/de\/termek\/tempo-ks210\/","title":{"rendered":"TEMPO KS210"},"content":{"rendered":"","protected":false},"excerpt":{"rendered":"<p>Dupla, extra stabil X \u00e1llv\u00e1ny szintetiz\u00e1torhoz<\/p>","protected":false},"featured_media":807,"template":"","meta":{"_acf_changed":false},"product_brand":[],"product_cat":[925],"product_tag":[926,927,928],"class_list":{"0":"post-776","1":"product","2":"type-product","3":"status-publish","4":"has-post-thumbnail","6":"product_cat-billentyu-allvanyok","7":"product_tag-szini-allvany","8":"product_tag-szintetizator-allvany","9":"product_tag-zongora-allvany","11":"first","12":"outofstock","13":"sale","14":"taxable","15":"shipping-taxable","16":"purchasable","17":"product-type-simple"},"acf":[],"_links":{"self":[{"href":"https:\/\/dev.invgroup.hu\/de\/wp-json\/wp\/v2\/product\/776","targetHints":{"allow":["GET"]}}],"collection":[{"href":"https:\/\/dev.invgroup.hu\/de\/wp-json\/wp\/v2\/product"}],"about":[{"href":"https:\/\/dev.invgroup.hu\/de\/wp-json\/wp\/v2\/types\/product"}],"wp:featuredmedia":[{"embeddable":true,"href":"https:\/\/dev.invgroup.hu\/de\/wp-json\/wp\/v2\/media\/807"}],"wp:attachment":[{"href":"https:\/\/dev.invgroup.hu\/de\/wp-json\/wp\/v2\/media?parent=776"}],"wp:term":[{"taxonomy":"product_brand","embeddable":true,"href":"https:\/\/dev.invgroup.hu\/de\/wp-json\/wp\/v2\/product_brand?post=776"},{"taxonomy":"product_cat","embeddable":true,"href":"https:\/\/dev.invgroup.hu\/de\/wp-json\/wp\/v2\/product_cat?post=776"},{"taxonomy":"product_tag","embeddable":true,"href":"https:\/\/dev.invgroup.hu\/de\/wp-json\/wp\/v2\/product_tag?post=776"}],"curies":[{"name":"wp","href":"https:\/\/api.w.org\/{rel}","templated":true}]}}