{"id":779,"date":"2025-09-25T17:02:16","date_gmt":"2025-09-25T17:02:16","guid":{"rendered":"https:\/\/dev.invgroup.hu\/?post_type=product&#038;p=779"},"modified":"2025-09-25T17:02:33","modified_gmt":"2025-09-25T17:02:33","slug":"tempo-gst100","status":"publish","type":"product","link":"https:\/\/dev.invgroup.hu\/de\/termek\/tempo-gst100\/","title":{"rendered":"TEMPO GST100"},"content":{"rendered":"","protected":false},"excerpt":{"rendered":"<p>Elektromos git\u00e1r \u00e1llv\u00e1ny<\/p>","protected":false},"featured_media":811,"template":"","meta":{"_acf_changed":false},"product_brand":[],"product_cat":[929],"product_tag":[930,931],"class_list":{"0":"post-779","1":"product","2":"type-product","3":"status-publish","4":"has-post-thumbnail","6":"product_cat-gitar-allvanyok","7":"product_tag-gitar-allvany","8":"product_tag-gitarallvany","10":"first","11":"instock","12":"sale","13":"taxable","14":"shipping-taxable","15":"purchasable","16":"product-type-simple"},"acf":[],"_links":{"self":[{"href":"https:\/\/dev.invgroup.hu\/de\/wp-json\/wp\/v2\/product\/779","targetHints":{"allow":["GET"]}}],"collection":[{"href":"https:\/\/dev.invgroup.hu\/de\/wp-json\/wp\/v2\/product"}],"about":[{"href":"https:\/\/dev.invgroup.hu\/de\/wp-json\/wp\/v2\/types\/product"}],"wp:featuredmedia":[{"embeddable":true,"href":"https:\/\/dev.invgroup.hu\/de\/wp-json\/wp\/v2\/media\/811"}],"wp:attachment":[{"href":"https:\/\/dev.invgroup.hu\/de\/wp-json\/wp\/v2\/media?parent=779"}],"wp:term":[{"taxonomy":"product_brand","embeddable":true,"href":"https:\/\/dev.invgroup.hu\/de\/wp-json\/wp\/v2\/product_brand?post=779"},{"taxonomy":"product_cat","embeddable":true,"href":"https:\/\/dev.invgroup.hu\/de\/wp-json\/wp\/v2\/product_cat?post=779"},{"taxonomy":"product_tag","embeddable":true,"href":"https:\/\/dev.invgroup.hu\/de\/wp-json\/wp\/v2\/product_tag?post=779"}],"curies":[{"name":"wp","href":"https:\/\/api.w.org\/{rel}","templated":true}]}}