{"id":930,"date":"2025-09-25T17:03:22","date_gmt":"2025-09-25T17:03:22","guid":{"rendered":"https:\/\/dev.invgroup.hu\/?post_type=product&#038;p=930"},"modified":"2025-09-25T17:04:04","modified_gmt":"2025-09-25T17:04:04","slug":"involight-fume1500-pro","status":"publish","type":"product","link":"https:\/\/dev.invgroup.hu\/de\/termek\/involight-fume1500-pro\/","title":{"rendered":"INVOLIGHT FUME1500 PRO"},"content":{"rendered":"","protected":false},"excerpt":{"rendered":"<p>Professzion\u00e1lis DMX-es f\u00fcstg\u00e9p<\/p>","protected":false},"featured_media":990,"template":"","meta":{"_acf_changed":false},"product_brand":[],"product_cat":[332],"product_tag":[39,40,41,42],"class_list":{"0":"post-930","1":"product","2":"type-product","3":"status-publish","4":"has-post-thumbnail","6":"product_cat-fustgepek","7":"product_tag-hazer","8":"product_tag-hazer-gepek","9":"product_tag-kod","10":"product_tag-kod-gepek","12":"first","13":"instock","14":"sale","15":"taxable","16":"shipping-taxable","17":"purchasable","18":"product-type-simple"},"acf":[],"_links":{"self":[{"href":"https:\/\/dev.invgroup.hu\/de\/wp-json\/wp\/v2\/product\/930","targetHints":{"allow":["GET"]}}],"collection":[{"href":"https:\/\/dev.invgroup.hu\/de\/wp-json\/wp\/v2\/product"}],"about":[{"href":"https:\/\/dev.invgroup.hu\/de\/wp-json\/wp\/v2\/types\/product"}],"wp:featuredmedia":[{"embeddable":true,"href":"https:\/\/dev.invgroup.hu\/de\/wp-json\/wp\/v2\/media\/990"}],"wp:attachment":[{"href":"https:\/\/dev.invgroup.hu\/de\/wp-json\/wp\/v2\/media?parent=930"}],"wp:term":[{"taxonomy":"product_brand","embeddable":true,"href":"https:\/\/dev.invgroup.hu\/de\/wp-json\/wp\/v2\/product_brand?post=930"},{"taxonomy":"product_cat","embeddable":true,"href":"https:\/\/dev.invgroup.hu\/de\/wp-json\/wp\/v2\/product_cat?post=930"},{"taxonomy":"product_tag","embeddable":true,"href":"https:\/\/dev.invgroup.hu\/de\/wp-json\/wp\/v2\/product_tag?post=930"}],"curies":[{"name":"wp","href":"https:\/\/api.w.org\/{rel}","templated":true}]}}