{"id":962,"date":"2025-09-25T17:03:46","date_gmt":"2025-09-25T17:03:46","guid":{"rendered":"https:\/\/dev.invgroup.hu\/?post_type=product&#038;p=962"},"modified":"2025-09-25T17:05:41","modified_gmt":"2025-09-25T17:05:41","slug":"fbt-x-pro-110a","status":"publish","type":"product","link":"https:\/\/dev.invgroup.hu\/de\/termek\/fbt-x-pro-110a\/","title":{"rendered":"FBT X-PRO 110A"},"content":{"rendered":"","protected":false},"excerpt":{"rendered":"<p>2 utas bi-amp 1200\/300W-os (LF\/HF) 10&#8243;-os akt\u00edv hangfal DSP-vel, 3 csatorn\u00e1s kever\u0151vel, Bluetooth 5.0-val, 127dB maxim\u00e1lis hangnyom\u00e1ssal<\/p>","protected":false},"featured_media":1055,"template":"","meta":{"_acf_changed":false},"product_brand":[],"product_cat":[806],"product_tag":[],"class_list":{"0":"post-962","1":"product","2":"type-product","3":"status-publish","4":"has-post-thumbnail","6":"product_cat-aktiv-top","8":"first","9":"instock","10":"sale","11":"taxable","12":"shipping-taxable","13":"purchasable","14":"product-type-simple"},"acf":[],"_links":{"self":[{"href":"https:\/\/dev.invgroup.hu\/de\/wp-json\/wp\/v2\/product\/962","targetHints":{"allow":["GET"]}}],"collection":[{"href":"https:\/\/dev.invgroup.hu\/de\/wp-json\/wp\/v2\/product"}],"about":[{"href":"https:\/\/dev.invgroup.hu\/de\/wp-json\/wp\/v2\/types\/product"}],"wp:featuredmedia":[{"embeddable":true,"href":"https:\/\/dev.invgroup.hu\/de\/wp-json\/wp\/v2\/media\/1055"}],"wp:attachment":[{"href":"https:\/\/dev.invgroup.hu\/de\/wp-json\/wp\/v2\/media?parent=962"}],"wp:term":[{"taxonomy":"product_brand","embeddable":true,"href":"https:\/\/dev.invgroup.hu\/de\/wp-json\/wp\/v2\/product_brand?post=962"},{"taxonomy":"product_cat","embeddable":true,"href":"https:\/\/dev.invgroup.hu\/de\/wp-json\/wp\/v2\/product_cat?post=962"},{"taxonomy":"product_tag","embeddable":true,"href":"https:\/\/dev.invgroup.hu\/de\/wp-json\/wp\/v2\/product_tag?post=962"}],"curies":[{"name":"wp","href":"https:\/\/api.w.org\/{rel}","templated":true}]}}